{"id":212,"date":"2023-06-05T06:57:15","date_gmt":"2023-06-05T06:57:15","guid":{"rendered":"https:\/\/doubletrouble.blog\/de\/?page_id=212"},"modified":"2025-08-03T19:12:45","modified_gmt":"2025-08-03T19:12:45","slug":"privacy-policy","status":"publish","type":"page","link":"https:\/\/stadtpiraten.at\/de\/privacy-policy\/","title":{"rendered":"Datenschutz"},"content":{"rendered":"\n<h2 class=\"wp-block-heading\">Analysedienst<\/h2>\n\n\n\n<p>Diese Website nutzt den Dienst \u201eGoogle Analytics\u201c, welcher von der Google Inc. (1600 Amphitheatre Parkway Mountain View, CA 94043,&nbsp;USA) angeboten wird, zur Analyse der Websitebenutzung durch Nutzer. Der Dienst verwendet \u201eCookies\u201c \u2013 Textdateien, welche auf deinem Endger\u00e4t gespeichert werden. Die durch die Cookies gesammelten Informationen werden im Regelfall an einen Google-Server in den USA gesandt und dort gespeichert.<\/p>\n\n\n\n<p>Auf dieser Website greift die IP-Anonymisierung. Die IP-Adresse der Nutzer wird innerhalb der Mitgliedsstaaten der EU und des Europ\u00e4ischen Wirtschaftsraum gek\u00fcrzt. Durch diese K\u00fcrzung entf\u00e4llt der Personenbezug deiner IP-Adresse. Im Rahmen der Vereinbarung zur Auftragsdatenvereinbarung, welche die Websitebetreiber mit der Google Inc. geschlossen haben, erstellt diese mithilfe der gesammelten Informationen eine Auswertung der Websitenutzung und der Websiteaktivit\u00e4t und erbringt mit der Internetnutzung verbundene Dienstleistungen.<\/p>\n\n\n\n<p>Du hast die M\u00f6glichkeit, die Speicherung des Cookies auf deinem Ger\u00e4t zu verhindern, indem du in deinem Browser entsprechende Einstellungen vornimmst. Es ist nicht gew\u00e4hrleistet, dass du auf alle Funktionen dieser Website ohne Einschr\u00e4nkungen zugreifen kannst, wenn dein Browser keine Cookies zul\u00e4sst.<\/p>\n\n\n\n<p>Weiterhin kannst du durch ein Browser-Plugin verhindern, dass die durch Cookies gesammelten Informationen (inklusive deiner IP-Adresse) an die Google Inc. gesendet und von der Google Inc. genutzt werden. Folgender Link f\u00fchrt dich zu dem entsprechenden Plugin: <a href=\"https:\/\/tools.google.com\/dlpage\/gaoptout?hl=de\">hier klicken<\/a><\/p>\n\n\n\n<p>Hier findst du weitere Informationen zur Datennutzung durch die Google Inc.: <a href=\"https:\/\/tools.google.com\/dlpage\/gaoptout?hl=de\">hier klicken<\/a><\/p>\n","protected":false},"excerpt":{"rendered":"<p>Analysedienst Diese Website nutzt den Dienst \u201eGoogle Analytics\u201c, welcher von der Google Inc. (1600 Amphitheatre Parkway Mountain View, CA 94043,&nbsp;USA) angeboten wird, zur Analyse der Websitebenutzung durch Nutzer. Der Dienst verwendet \u201eCookies\u201c \u2013 Textdateien, welche auf deinem Endger\u00e4t gespeichert werden. Die durch die Cookies gesammelten Informationen werden im Regelfall an einen Google-Server in den USA [&hellip;]<\/p>\n","protected":false},"author":1,"featured_media":0,"parent":0,"menu_order":0,"comment_status":"closed","ping_status":"closed","template":"","meta":{"inline_featured_image":false,"footnotes":""},"class_list":["post-212","page","type-page","status-publish","hentry"],"_links":{"self":[{"href":"https:\/\/stadtpiraten.at\/de\/wp-json\/wp\/v2\/pages\/212","targetHints":{"allow":["GET"]}}],"collection":[{"href":"https:\/\/stadtpiraten.at\/de\/wp-json\/wp\/v2\/pages"}],"about":[{"href":"https:\/\/stadtpiraten.at\/de\/wp-json\/wp\/v2\/types\/page"}],"author":[{"embeddable":true,"href":"https:\/\/stadtpiraten.at\/de\/wp-json\/wp\/v2\/users\/1"}],"replies":[{"embeddable":true,"href":"https:\/\/stadtpiraten.at\/de\/wp-json\/wp\/v2\/comments?post=212"}],"version-history":[{"count":4,"href":"https:\/\/stadtpiraten.at\/de\/wp-json\/wp\/v2\/pages\/212\/revisions"}],"predecessor-version":[{"id":4628,"href":"https:\/\/stadtpiraten.at\/de\/wp-json\/wp\/v2\/pages\/212\/revisions\/4628"}],"wp:attachment":[{"href":"https:\/\/stadtpiraten.at\/de\/wp-json\/wp\/v2\/media?parent=212"}],"curies":[{"name":"wp","href":"https:\/\/api.w.org\/{rel}","templated":true}]}}