{"id":4536,"date":"2025-07-31T10:04:15","date_gmt":"2025-07-31T10:04:15","guid":{"rendered":"https:\/\/stadtpiraten.at\/de\/?page_id=4536"},"modified":"2025-08-03T19:11:35","modified_gmt":"2025-08-03T19:11:35","slug":"join-telegram","status":"publish","type":"page","link":"https:\/\/stadtpiraten.at\/de\/join-telegram\/","title":{"rendered":"Gratulation!"},"content":{"rendered":"\n<p>Du bist eingeladen, unserem Telegram-Kanal beizutreten! Vernetze dich mit Eltern in deiner N\u00e4he oder in der Altersgruppe deiner Kinder, stelle Fragen und organisiere gemeinsam Playdates.<\/p>\n\n\n\n<ul class=\"wp-block-list\">\n<li>Warum Telegram (vs. WhatsApp und Signal)?\n<ul class=\"wp-block-list\">\n<li>Deine Telefonnummer bleibt verborgen.<\/li>\n\n\n\n<li>Themen &amp; Threads machen Chats \u00fcbersichtlich.<\/li>\n\n\n\n<li>Neue Mitglieder sehen \u00e4ltere Diskussionen.<\/li>\n\n\n\n<li>Chatverlauf geht beim Handywechsel nicht verloren.<\/li>\n<\/ul>\n<\/li>\n\n\n\n<li>Profil (optional):<br>F\u00fcge gerne deinen Bezirk und das Alter deiner Kinder in dein Telegram-Profil ein \u2013 so finden Eltern mit Kindern im \u00e4hnlichen Alter sich leichter.<\/li>\n\n\n\n<li>Sprache:<br>Wir kommunizieren auf Deutsch &amp; Englisch \u2013 bitte sei r\u00fccksichtsvoll gegen\u00fcber beiden Sprachen.<\/li>\n\n\n\n<li>Verhaltensregeln:\n<ul class=\"wp-block-list\">\n<li>Bitte bleibe freundlich &amp; respektvoll gegen\u00fcber allen Mitgliedern.<\/li>\n\n\n\n<li>Werbung, Spam oder unangemessene Inhalte sind nicht erlaubt.<\/li>\n<\/ul>\n<\/li>\n\n\n\n<li>Kosten:<br>Die Teilnahme ist kostenlos.<\/li>\n\n\n\n<li>Perks:<br>Wenn du regelm\u00e4\u00dfig postest, schaltest du Vorteile frei und wirst zu exklusiven Events eingeladen.<\/li>\n\n\n\n<li>Treffen &amp; Verantwortung:\n<ul class=\"wp-block-list\">\n<li>Treffen und Gruppen sind nicht f\u00fcr Babysitting gedacht! Du bist stets f\u00fcr dein Kind und nur f\u00fcr dein Kind verantwortlich! Du kannst aber nat\u00fcrlich Oma Opa usw. mitbringen, die aufpassen.<\/li>\n\n\n\n<li>Alle Treffen und Playdates erfolgen auf eigene Verantwortung.<\/li>\n<\/ul>\n<\/li>\n\n\n\n<li>Datenschutz:<br>Bitte teile keine sehr privaten Informationen (wie deine Telefonnummer, vollst\u00e4ndige Adresse oder vollst\u00e4ndigen Namen) in der Gruppe oder deinem Profil, um deine Privatsph\u00e4re zu sch\u00fctzen und Missbrauch deiner Daten zu vermeiden.<\/li>\n\n\n\n<li>F\u00fcr aktive Eltern:<br>Benutzer, die sich nicht an die Regeln halten oder \u00fcber l\u00e4ngere Zeit inaktiv bleiben, werden aus unseren Gruppen entfernt.<\/li>\n<\/ul>\n\n\n\n<div class=\"wp-block-buttons is-content-justification-center is-layout-flex wp-container-core-buttons-is-layout-a89b3969 wp-block-buttons-is-layout-flex\">\n<div class=\"wp-block-button\"><a class=\"wp-block-button__link wp-element-button\" href=\"https:\/\/t.me\/+eOksdbhoUPgwMWJk\" target=\"_blank\" rel=\"noreferrer noopener\">\ud83d\udc49 Tritt der Telegram-Crew bei<\/a><\/div>\n<\/div>\n\n\n\n<p class=\"has-text-align-center\">(oder scanne den code \ud83d\udc47)<\/p>\n\n\n\n<figure data-wp-context=\"{&quot;imageId&quot;:&quot;69fb3f084e062&quot;}\" data-wp-interactive=\"core\/image\" data-wp-key=\"69fb3f084e062\" class=\"wp-block-image aligncenter size-medium wp-lightbox-container\"><img loading=\"lazy\" decoding=\"async\" width=\"300\" height=\"300\" data-wp-class--hide=\"state.isContentHidden\" data-wp-class--show=\"state.isContentVisible\" data-wp-init=\"callbacks.setButtonStyles\" data-wp-on--click=\"actions.showLightbox\" data-wp-on--load=\"callbacks.setButtonStyles\" data-wp-on-window--resize=\"callbacks.setButtonStyles\" src=\"https:\/\/stadtpiraten.at\/de\/wp-content\/uploads\/sites\/2\/2025\/07\/telegram-300x300.png\" alt=\"\" class=\"wp-image-4562\" srcset=\"https:\/\/stadtpiraten.at\/de\/wp-content\/uploads\/sites\/2\/2025\/07\/telegram-300x300.png 300w, https:\/\/stadtpiraten.at\/de\/wp-content\/uploads\/sites\/2\/2025\/07\/telegram-1024x1024.png 1024w, https:\/\/stadtpiraten.at\/de\/wp-content\/uploads\/sites\/2\/2025\/07\/telegram-150x150.png 150w, https:\/\/stadtpiraten.at\/de\/wp-content\/uploads\/sites\/2\/2025\/07\/telegram-768x768.png 768w, https:\/\/stadtpiraten.at\/de\/wp-content\/uploads\/sites\/2\/2025\/07\/telegram.png 1155w\" sizes=\"auto, (max-width: 300px) 100vw, 300px\" \/><button\n\t\t\tclass=\"lightbox-trigger\"\n\t\t\ttype=\"button\"\n\t\t\taria-haspopup=\"dialog\"\n\t\t\taria-label=\"Vergr\u00f6\u00dfern\"\n\t\t\tdata-wp-init=\"callbacks.initTriggerButton\"\n\t\t\tdata-wp-on--click=\"actions.showLightbox\"\n\t\t\tdata-wp-style--right=\"state.imageButtonRight\"\n\t\t\tdata-wp-style--top=\"state.imageButtonTop\"\n\t\t>\n\t\t\t<svg xmlns=\"http:\/\/www.w3.org\/2000\/svg\" width=\"12\" height=\"12\" fill=\"none\" viewBox=\"0 0 12 12\">\n\t\t\t\t<path fill=\"#fff\" d=\"M2 0a2 2 0 0 0-2 2v2h1.5V2a.5.5 0 0 1 .5-.5h2V0H2Zm2 10.5H2a.5.5 0 0 1-.5-.5V8H0v2a2 2 0 0 0 2 2h2v-1.5ZM8 12v-1.5h2a.5.5 0 0 0 .5-.5V8H12v2a2 2 0 0 1-2 2H8Zm2-12a2 2 0 0 1 2 2v2h-1.5V2a.5.5 0 0 0-.5-.5H8V0h2Z\" \/>\n\t\t\t<\/svg>\n\t\t<\/button><\/figure>\n\n\n\n<p>Segelst du noch ohne Telegram? Hol es dir hier:<\/p>\n\n\n\n<div class=\"wp-block-group is-content-justification-center is-nowrap is-layout-flex wp-container-core-group-is-layout-23441af8 wp-block-group-is-layout-flex\">\n<figure class=\"wp-block-image size-large is-resized\"><a href=\"https:\/\/play.google.com\/store\/apps\/details?id=org.telegram.messenger\" target=\"_blank\" rel=\" noreferrer noopener\"><img decoding=\"async\" src=\"https:\/\/upload.wikimedia.org\/wikipedia\/commons\/7\/78\/Google_Play_Store_badge_EN.svg\" alt=\"\" style=\"width:174px\"\/><\/a><\/figure>\n\n\n\n<figure class=\"wp-block-image size-large is-resized\"><a href=\"https:\/\/apps.apple.com\/app\/telegram-messenger\/id686449807\" target=\"_blank\" rel=\" noreferrer noopener\"><img decoding=\"async\" src=\"https:\/\/developer.apple.com\/assets\/elements\/badges\/download-on-the-app-store.svg\" alt=\"\" style=\"width:159px;height:auto\"\/><\/a><\/figure>\n<\/div>\n\n\n\n<p>Viel Spa\u00df beim Vernetzen! \ud83d\ude0a<\/p>\n","protected":false},"excerpt":{"rendered":"<p>Du bist eingeladen, unserem Telegram-Kanal beizutreten! Vernetze dich mit Eltern in deiner N\u00e4he oder in der Altersgruppe deiner Kinder, stelle Fragen und organisiere gemeinsam Playdates. (oder scanne den code \ud83d\udc47) Segelst du noch ohne Telegram? Hol es dir hier: Viel Spa\u00df beim Vernetzen! \ud83d\ude0a<\/p>\n","protected":false},"author":1,"featured_media":0,"parent":0,"menu_order":0,"comment_status":"closed","ping_status":"closed","template":"","meta":{"inline_featured_image":false,"footnotes":""},"class_list":["post-4536","page","type-page","status-publish","hentry"],"_links":{"self":[{"href":"https:\/\/stadtpiraten.at\/de\/wp-json\/wp\/v2\/pages\/4536","targetHints":{"allow":["GET"]}}],"collection":[{"href":"https:\/\/stadtpiraten.at\/de\/wp-json\/wp\/v2\/pages"}],"about":[{"href":"https:\/\/stadtpiraten.at\/de\/wp-json\/wp\/v2\/types\/page"}],"author":[{"embeddable":true,"href":"https:\/\/stadtpiraten.at\/de\/wp-json\/wp\/v2\/users\/1"}],"replies":[{"embeddable":true,"href":"https:\/\/stadtpiraten.at\/de\/wp-json\/wp\/v2\/comments?post=4536"}],"version-history":[{"count":12,"href":"https:\/\/stadtpiraten.at\/de\/wp-json\/wp\/v2\/pages\/4536\/revisions"}],"predecessor-version":[{"id":4625,"href":"https:\/\/stadtpiraten.at\/de\/wp-json\/wp\/v2\/pages\/4536\/revisions\/4625"}],"wp:attachment":[{"href":"https:\/\/stadtpiraten.at\/de\/wp-json\/wp\/v2\/media?parent=4536"}],"curies":[{"name":"wp","href":"https:\/\/api.w.org\/{rel}","templated":true}]}}